{"id":397,"date":"2025-08-29T15:44:10","date_gmt":"2025-08-29T15:44:10","guid":{"rendered":"https:\/\/evellinejewelry.ro\/about\/"},"modified":"2025-10-30T21:39:45","modified_gmt":"2025-10-30T21:39:45","slug":"despre","status":"publish","type":"page","link":"https:\/\/evellinejewelry.ro\/en\/despre\/","title":{"rendered":"Despre"},"content":{"rendered":"<div data-elementor-type=\"wp-page\" data-elementor-id=\"397\" class=\"elementor elementor-397\">\n\t\t\t\t<div class=\"elementor-element elementor-element-d697563 e-flex e-con-boxed e-con e-parent\" data-id=\"d697563\" data-element_type=\"container\">\n\t\t\t\t\t<div class=\"e-con-inner\">\n\t\t<div class=\"elementor-element elementor-element-b367f8e e-con-full e-flex e-con e-child\" data-id=\"b367f8e\" data-element_type=\"container\">\n\t\t\t\t<div class=\"elementor-element elementor-element-49f6ea5 elementor-widget elementor-widget-heading\" data-id=\"49f6ea5\" data-element_type=\"widget\" data-widget_type=\"heading.default\">\n\t\t\t\t<div class=\"elementor-widget-container\">\n\t\t\t\t\t<h1 class=\"elementor-heading-title elementor-size-default\">Despre noi<\/h1>\t\t\t\t<\/div>\n\t\t\t\t<\/div>\n\t\t<div class=\"elementor-element elementor-element-fb359c0 e-con-full e-flex e-con e-child\" data-id=\"fb359c0\" data-element_type=\"container\">\n\t\t<div class=\"elementor-element elementor-element-ad93983 e-con-full e-flex e-con e-child\" data-id=\"ad93983\" data-element_type=\"container\" data-settings=\"{&quot;background_background&quot;:&quot;classic&quot;}\">\n\t\t\t\t<div class=\"elementor-element elementor-element-af6e09f elementor-position-top elementor-widget elementor-widget-image-box\" data-id=\"af6e09f\" data-element_type=\"widget\" data-widget_type=\"image-box.default\">\n\t\t\t\t<div class=\"elementor-widget-container\">\n\t\t\t\t\t<div class=\"elementor-image-box-wrapper\"><figure class=\"elementor-image-box-img\"><img fetchpriority=\"high\" decoding=\"async\" width=\"1200\" height=\"1200\" src=\"https:\/\/evellinejewelry.ro\/wp-content\/uploads\/2025\/10\/11.png\" class=\"attachment-full size-full wp-image-1782\" alt=\"11\" srcset=\"https:\/\/evellinejewelry.ro\/wp-content\/uploads\/2025\/10\/11.png 1200w, https:\/\/evellinejewelry.ro\/wp-content\/uploads\/2025\/10\/11-300x300.png 300w, https:\/\/evellinejewelry.ro\/wp-content\/uploads\/2025\/10\/11-1024x1024.png 1024w, https:\/\/evellinejewelry.ro\/wp-content\/uploads\/2025\/10\/11-150x150.png 150w, https:\/\/evellinejewelry.ro\/wp-content\/uploads\/2025\/10\/11-768x768.png 768w, https:\/\/evellinejewelry.ro\/wp-content\/uploads\/2025\/10\/11-600x600.png 600w, https:\/\/evellinejewelry.ro\/wp-content\/uploads\/2025\/10\/11-100x100.png 100w\" sizes=\"(max-width: 1200px) 100vw, 1200px\" \/><\/figure><\/div>\t\t\t\t<\/div>\n\t\t\t\t<\/div>\n\t\t\t\t<div class=\"elementor-element elementor-element-13d2e62 e-grid-align-left elementor-shape-rounded elementor-grid-0 elementor-widget elementor-widget-social-icons\" data-id=\"13d2e62\" data-element_type=\"widget\" data-widget_type=\"social-icons.default\">\n\t\t\t\t<div class=\"elementor-widget-container\">\n\t\t\t\t\t\t\t<div class=\"elementor-social-icons-wrapper elementor-grid\" role=\"list\">\n\t\t\t\t\t\t\t<span class=\"elementor-grid-item\" role=\"listitem\">\n\t\t\t\t\t<a class=\"elementor-icon elementor-social-icon elementor-social-icon-facebook elementor-repeater-item-0135f7b\" target=\"_blank\">\n\t\t\t\t\t\t<span class=\"elementor-screen-only\">Facebook<\/span>\n\t\t\t\t\t\t<i class=\"fab fa-facebook\"><\/i>\t\t\t\t\t<\/a>\n\t\t\t\t<\/span>\n\t\t\t\t\t\t\t<span class=\"elementor-grid-item\" role=\"listitem\">\n\t\t\t\t\t<a class=\"elementor-icon elementor-social-icon elementor-social-icon-instagram elementor-repeater-item-7837834\" target=\"_blank\">\n\t\t\t\t\t\t<span class=\"elementor-screen-only\">Instagram<\/span>\n\t\t\t\t\t\t<i class=\"fab fa-instagram\"><\/i>\t\t\t\t\t<\/a>\n\t\t\t\t<\/span>\n\t\t\t\t\t<\/div>\n\t\t\t\t\t\t<\/div>\n\t\t\t\t<\/div>\n\t\t\t\t<\/div>\n\t\t<div class=\"elementor-element elementor-element-5fd5bb7 e-con-full e-flex e-con e-child\" data-id=\"5fd5bb7\" data-element_type=\"container\">\n\t\t\t\t<div class=\"elementor-element elementor-element-c10225a elementor-widget elementor-widget-heading\" data-id=\"c10225a\" data-element_type=\"widget\" data-widget_type=\"heading.default\">\n\t\t\t\t<div class=\"elementor-widget-container\">\n\t\t\t\t\t<div class=\"elementor-heading-title elementor-size-default\">Evelline Jewelry exist\u0103 pentru a aduce frumuse\u021be care se simte, se poart\u0103 \u0219i se tr\u0103ie\u0219te. Numele brandului este inspirat de feti\u021ba noastr\u0103, Evelina, simbol al purit\u0103\u021bii, al bucuriei \u0219i al \u00eenceputurilor frumoase.\n\nBijuteriile noastre sunt delicate \u0219i versatile, potrivite pentru \u021binute casual, office sau elegante, dar \u0219i pentru a fi oferite drept cadoul perfect unei persoane dragi. Fiecare pies\u0103 spune o poveste, poart\u0103 emo\u021bie \u0219i devine parte din via\u021ba celui care o prime\u0219te sau o poart\u0103.<\/div>\t\t\t\t<\/div>\n\t\t\t\t<\/div>\n\t\t\t\t<div class=\"elementor-element elementor-element-d9fa888 elementor-widget elementor-widget-text-editor\" data-id=\"d9fa888\" data-element_type=\"widget\" data-widget_type=\"text-editor.default\">\n\t\t\t\t<div class=\"elementor-widget-container\">\n\t\t\t\t\t\t\t\t\t<div class=\"elementor-element elementor-element-d14ed47 elementor-widget elementor-widget-heading\" data-id=\"d14ed47\" data-element_type=\"widget\" data-widget_type=\"heading.default\"><p class=\"elementor-heading-title elementor-size-default\"><span style=\"font-size: 16px;\">La Evelline Jewelry credem c\u0103 frumuse\u021bea vine din detalii, iar bijuteriile nu sunt doar lucruri de purtat \u2013 ele sunt momente, amintiri \u0219i emo\u021bii transformate \u00een art\u0103.<\/span><span style=\"font-size: 16px;\">Purta\u021bi-le cu drag, d\u0103rui\u021bi-le cu iubire \u0219i l\u0103sa\u021bi-le s\u0103 lumineze\u00a0fiecare\u00a0zi.<\/span><\/p><\/div>\t\t\t\t\t\t\t\t<\/div>\n\t\t\t\t<\/div>\n\t\t\t\t<\/div>\n\t\t\t\t<\/div>\n\t\t<div class=\"elementor-element elementor-element-6a1c91a e-con-full e-flex e-con e-child\" data-id=\"6a1c91a\" data-element_type=\"container\">\n\t\t<div class=\"elementor-element elementor-element-a275b02 e-con-full e-flex e-con e-child\" data-id=\"a275b02\" data-element_type=\"container\">\n\t\t\t\t<div class=\"elementor-element elementor-element-7ff7916 elementor-widget elementor-widget-heading\" data-id=\"7ff7916\" data-element_type=\"widget\" data-widget_type=\"heading.default\">\n\t\t\t\t<div class=\"elementor-widget-container\">\n\t\t\t\t\t<h5 class=\"elementor-heading-title elementor-size-default\">Materiale 100% Sustenabile<\/h5>\t\t\t\t<\/div>\n\t\t\t\t<\/div>\n\t\t\t\t<\/div>\n\t\t<div class=\"elementor-element elementor-element-1377239 e-con-full e-flex e-con e-child\" data-id=\"1377239\" data-element_type=\"container\">\n\t\t\t\t<div class=\"elementor-element elementor-element-b97ff5a elementor-widget elementor-widget-text-editor\" data-id=\"b97ff5a\" data-element_type=\"widget\" data-widget_type=\"text-editor.default\">\n\t\t\t\t<div class=\"elementor-widget-container\">\n\t\t\t\t\t\t\t\t\t<p>BijuteriI handmade, create cu grij\u0103, folosind materiale 100% sustenabile: O\u021bel inoxidabil placat cu aur de 18k, hipoalergenic \u0219i rezistent la oxidare, petale fine din bumbac \u0219i m\u0103tase, perle de ap\u0103 dulce de cultur\u0103 \u0219i cristale autentice sau pietre naturale.<\/p>\t\t\t\t\t\t\t\t<\/div>\n\t\t\t\t<\/div>\n\t\t\t\t<\/div>\n\t\t\t\t<\/div>\n\t\t\t\t<\/div>\n\t\t\t\t\t<\/div>\n\t\t\t\t<\/div>\n\t\t<div class=\"elementor-element elementor-element-815e953 e-flex e-con-boxed e-con e-parent\" data-id=\"815e953\" data-element_type=\"container\" data-settings=\"{&quot;background_background&quot;:&quot;classic&quot;}\">\n\t\t\t\t\t<div class=\"e-con-inner\">\n\t\t<div class=\"elementor-element elementor-element-7ad9644 e-con-full e-flex e-con e-child\" data-id=\"7ad9644\" data-element_type=\"container\">\n\t\t\t\t<div class=\"elementor-element elementor-element-65b51b3 elementor-widget elementor-widget-heading\" data-id=\"65b51b3\" data-element_type=\"widget\" data-widget_type=\"heading.default\">\n\t\t\t\t<div class=\"elementor-widget-container\">\n\t\t\t\t\t<h2 class=\"elementor-heading-title elementor-size-default\">Testimoniale<\/h2>\t\t\t\t<\/div>\n\t\t\t\t<\/div>\n\t\t\t\t<div class=\"elementor-element elementor-element-b16ed55 elementor-widget__width-initial elementor-widget-mobile__width-inherit elementor-widget elementor-widget-testimonial\" data-id=\"b16ed55\" data-element_type=\"widget\" data-widget_type=\"testimonial.default\">\n\t\t\t\t<div class=\"elementor-widget-container\">\n\t\t\t\t\t\t\t<div class=\"elementor-testimonial-wrapper\">\n\t\t\t\t\t\t\t<div class=\"elementor-testimonial-content\">\u201eAm ales bijuteriile Evelline Jewelry ca simbol al leg\u0103turii cu sora mea \u2014 ceva fin, dar plin de semnifica\u021bie. Fiecare detaliu transmite grij\u0103 \u0219i iubire, iar faptul c\u0103 sunt lucrate manual \u0219i din materiale sustenabile le face \u0219i mai speciale. Sunt bijuterii care nu doar se poart\u0103, ci se simt. O mic\u0103 bucurie purtat\u0103 zi de zi.\u201d<\/div>\n\t\t\t\n\t\t\t\t\t\t<div class=\"elementor-testimonial-meta elementor-has-image elementor-testimonial-image-position-aside\">\n\t\t\t\t<div class=\"elementor-testimonial-meta-inner\">\n\t\t\t\t\t\t\t\t\t\t\t<div class=\"elementor-testimonial-image\">\n\t\t\t\t\t\t\t<img decoding=\"async\" width=\"40\" height=\"40\" src=\"https:\/\/evellinejewelry.ro\/wp-content\/uploads\/2021\/07\/fashion-designer-reviewer-profile-img-4.jpg\" class=\"attachment-full size-full wp-image-300\" alt=\"fashion designer reviewer profile img 4\" \/>\t\t\t\t\t\t<\/div>\n\t\t\t\t\t\n\t\t\t\t\t\t\t\t\t\t<div class=\"elementor-testimonial-details\">\n\t\t\t\t\t\t\t\t\t\t\t\t\t\t<div class=\"elementor-testimonial-name\">Cristina R<\/div>\n\t\t\t\t\t\t\t\t\t\t\t\t\t\t\t\t\t\t\t<\/div>\n\t\t\t\t\t\t\t\t\t<\/div>\n\t\t\t<\/div>\n\t\t\t\t\t<\/div>\n\t\t\t\t\t\t<\/div>\n\t\t\t\t<\/div>\n\t\t\t\t<div class=\"elementor-element elementor-element-a26004e elementor-widget__width-initial elementor-widget-mobile__width-inherit elementor-widget elementor-widget-testimonial\" data-id=\"a26004e\" data-element_type=\"widget\" data-widget_type=\"testimonial.default\">\n\t\t\t\t<div class=\"elementor-widget-container\">\n\t\t\t\t\t\t\t<div class=\"elementor-testimonial-wrapper\">\n\t\t\t\t\t\t\t<div class=\"elementor-testimonial-content\">\u201eBijuteriile Evelline Jewelry sunt, pentru mine, o poveste despre echilibru \u0219i feminitate. Colierul meu cu perle de ap\u0103 dulce are o energie bl\u00e2nd\u0103, iar br\u0103\u021bara cu o\u021bel placat cu aur \u00eemi d\u0103 \u00eencredere. Le port la birou, la ie\u0219iri, la evenimente \u2014 se potrivesc oric\u00e2nd \u0219i m\u0103 fac mereu s\u0103 z\u00e2mbesc. Se simte grija din spatele fiec\u0103rei piese.\u201d<\/div>\n\t\t\t\n\t\t\t\t\t\t<div class=\"elementor-testimonial-meta elementor-has-image elementor-testimonial-image-position-aside\">\n\t\t\t\t<div class=\"elementor-testimonial-meta-inner\">\n\t\t\t\t\t\t\t\t\t\t\t<div class=\"elementor-testimonial-image\">\n\t\t\t\t\t\t\t<img decoding=\"async\" width=\"400\" height=\"400\" src=\"https:\/\/evellinejewelry.ro\/wp-content\/uploads\/2021\/07\/fashion-designer-template-collection-img-02.jpg\" class=\"attachment-full size-full wp-image-818\" alt=\"fashion designer template collection img 02\" srcset=\"https:\/\/evellinejewelry.ro\/wp-content\/uploads\/2021\/07\/fashion-designer-template-collection-img-02.jpg 400w, https:\/\/evellinejewelry.ro\/wp-content\/uploads\/2021\/07\/fashion-designer-template-collection-img-02-300x300.jpg 300w, https:\/\/evellinejewelry.ro\/wp-content\/uploads\/2021\/07\/fashion-designer-template-collection-img-02-150x150.jpg 150w, https:\/\/evellinejewelry.ro\/wp-content\/uploads\/2021\/07\/fashion-designer-template-collection-img-02-100x100.jpg 100w\" sizes=\"(max-width: 400px) 100vw, 400px\" \/>\t\t\t\t\t\t<\/div>\n\t\t\t\t\t\n\t\t\t\t\t\t\t\t\t\t<div class=\"elementor-testimonial-details\">\n\t\t\t\t\t\t\t\t\t\t\t\t\t\t<div class=\"elementor-testimonial-name\">Andreea C<\/div>\n\t\t\t\t\t\t\t\t\t\t\t\t\t\t\t\t\t\t\t<\/div>\n\t\t\t\t\t\t\t\t\t<\/div>\n\t\t\t<\/div>\n\t\t\t\t\t<\/div>\n\t\t\t\t\t\t<\/div>\n\t\t\t\t<\/div>\n\t\t\t\t<div class=\"elementor-element elementor-element-23c79a6 elementor-widget__width-initial elementor-widget-mobile__width-inherit elementor-widget elementor-widget-testimonial\" data-id=\"23c79a6\" data-element_type=\"widget\" data-widget_type=\"testimonial.default\">\n\t\t\t\t<div class=\"elementor-widget-container\">\n\t\t\t\t\t\t\t<div class=\"elementor-testimonial-wrapper\">\n\t\t\t\t\t\t\t<div class=\"elementor-testimonial-content\">\u201eAm descoperit Evelline Jewelry \u00eent\u00e2mpl\u0103tor pe Instagram \u0219i de atunci am devenit fan\u0103! Mi-am luat un colier cu perle de ap\u0103 dulce \u0219i o br\u0103\u021bar\u0103 din o\u021bel placat cu aur \u2014 ambele superbe! Se potrivesc perfect at\u00e2t la birou, c\u00e2t \u0219i la \u021binutele de sear\u0103. \u00cemi place c\u0103 sunt hipoalergenice \u0219i nu las\u0103 urme, lucru foarte important pentru mine.\u201d\n\u2014 Andreea C.<\/div>\n\t\t\t\n\t\t\t\t\t\t<div class=\"elementor-testimonial-meta elementor-has-image elementor-testimonial-image-position-aside\">\n\t\t\t\t<div class=\"elementor-testimonial-meta-inner\">\n\t\t\t\t\t\t\t\t\t\t\t<div class=\"elementor-testimonial-image\">\n\t\t\t\t\t\t\t<img loading=\"lazy\" decoding=\"async\" width=\"40\" height=\"40\" src=\"https:\/\/evellinejewelry.ro\/wp-content\/uploads\/2021\/07\/fashion-designer-reviewer-profile-img-2.jpg\" class=\"attachment-full size-full wp-image-302\" alt=\"fashion designer reviewer profile img 2\" \/>\t\t\t\t\t\t<\/div>\n\t\t\t\t\t\n\t\t\t\t\t\t\t\t\t\t<div class=\"elementor-testimonial-details\">\n\t\t\t\t\t\t\t\t\t\t\t\t\t\t<div class=\"elementor-testimonial-name\">Alicia S<\/div>\n\t\t\t\t\t\t\t\t\t\t\t\t\t\t\t\t\t\t\t<\/div>\n\t\t\t\t\t\t\t\t\t<\/div>\n\t\t\t<\/div>\n\t\t\t\t\t<\/div>\n\t\t\t\t\t\t<\/div>\n\t\t\t\t<\/div>\n\t\t\t\t<div class=\"elementor-element elementor-element-aae75a5 elementor-widget__width-initial elementor-widget-mobile__width-inherit elementor-widget elementor-widget-testimonial\" data-id=\"aae75a5\" data-element_type=\"widget\" data-widget_type=\"testimonial.default\">\n\t\t\t\t<div class=\"elementor-widget-container\">\n\t\t\t\t\t\t\t<div class=\"elementor-testimonial-wrapper\">\n\t\t\t\t\t\t\t<div class=\"elementor-testimonial-content\">\u201eAm primit cerceii Evelline Jewelry cadou de la so\u021bul meu \u0219i m-am \u00eendr\u0103gostit instant! Sunt extrem de finu\u021bi, u\u0219ori \u0219i str\u0103lucesc superb f\u0103r\u0103 s\u0103 fie ostentativi. \u00cei port aproape zilnic \u0219i arat\u0103 impecabil \u2014 nu s-au oxidat deloc, de\u0219i \u00eei am de c\u00e2teva luni. Se simte c\u0103 sunt f\u0103cu\u021bi cu grij\u0103 \u0219i pasiune.\u201d\n<\/div>\n\t\t\t\n\t\t\t\t\t\t<div class=\"elementor-testimonial-meta elementor-has-image elementor-testimonial-image-position-aside\">\n\t\t\t\t<div class=\"elementor-testimonial-meta-inner\">\n\t\t\t\t\t\t\t\t\t\t\t<div class=\"elementor-testimonial-image\">\n\t\t\t\t\t\t\t<img loading=\"lazy\" decoding=\"async\" width=\"800\" height=\"600\" src=\"https:\/\/evellinejewelry.ro\/wp-content\/uploads\/2021\/07\/fashion-designer-template-new-arrivals-img.jpg\" class=\"attachment-full size-full wp-image-75\" alt=\"fashion designer template new arrivals img\" \/>\t\t\t\t\t\t<\/div>\n\t\t\t\t\t\n\t\t\t\t\t\t\t\t\t\t<div class=\"elementor-testimonial-details\">\n\t\t\t\t\t\t\t\t\t\t\t\t\t\t<div class=\"elementor-testimonial-name\">Elena M<\/div>\n\t\t\t\t\t\t\t\t\t\t\t\t\t\t\t\t\t\t\t<\/div>\n\t\t\t\t\t\t\t\t\t<\/div>\n\t\t\t<\/div>\n\t\t\t\t\t<\/div>\n\t\t\t\t\t\t<\/div>\n\t\t\t\t<\/div>\n\t\t\t\t<\/div>\n\t\t\t\t\t<\/div>\n\t\t\t\t<\/div>\n\t\t\t\t<\/div>","protected":false},"excerpt":{"rendered":"<p>Despre noi Facebook Instagram Evelline Jewelry exist\u0103 pentru a aduce frumuse\u021be care se simte, se poart\u0103 \u0219i se tr\u0103ie\u0219te. Numele brandului este inspirat de feti\u021ba noastr\u0103, Evelina, simbol al purit\u0103\u021bii, al bucuriei \u0219i al \u00eenceputurilor frumoase. Bijuteriile noastre sunt delicate \u0219i versatile, potrivite pentru \u021binute casual, office sau elegante, dar \u0219i pentru a fi oferite [&hellip;]<\/p>","protected":false},"author":1,"featured_media":0,"parent":0,"menu_order":0,"comment_status":"closed","ping_status":"closed","template":"","meta":{"site-sidebar-layout":"no-sidebar","site-content-layout":"page-builder","ast-site-content-layout":"default","site-content-style":"default","site-sidebar-style":"default","ast-global-header-display":"","ast-banner-title-visibility":"","ast-main-header-display":"","ast-hfb-above-header-display":"","ast-hfb-below-header-display":"","ast-hfb-mobile-header-display":"","site-post-title":"disabled","ast-breadcrumbs-content":"disabled","ast-featured-img":"disabled","footer-sml-layout":"","theme-transparent-header-meta":"default","adv-header-id-meta":"","stick-header-meta":"","header-above-stick-meta":"","header-main-stick-meta":"","header-below-stick-meta":"","astra-migrate-meta-layouts":"default","ast-page-background-enabled":"default","ast-page-background-meta":{"desktop":{"background-color":"","background-image":"","background-repeat":"repeat","background-position":"center center","background-size":"auto","background-attachment":"scroll","background-type":"","background-media":"","overlay-type":"","overlay-color":"","overlay-opacity":"","overlay-gradient":""},"tablet":{"background-color":"","background-image":"","background-repeat":"repeat","background-position":"center center","background-size":"auto","background-attachment":"scroll","background-type":"","background-media":"","overlay-type":"","overlay-color":"","overlay-opacity":"","overlay-gradient":""},"mobile":{"background-color":"","background-image":"","background-repeat":"repeat","background-position":"center center","background-size":"auto","background-attachment":"scroll","background-type":"","background-media":"","overlay-type":"","overlay-color":"","overlay-opacity":"","overlay-gradient":""}},"ast-content-background-meta":{"desktop":{"background-color":"var(--ast-global-color-5)","background-image":"","background-repeat":"repeat","background-position":"center center","background-size":"auto","background-attachment":"scroll","background-type":"","background-media":"","overlay-type":"","overlay-color":"","overlay-opacity":"","overlay-gradient":""},"tablet":{"background-color":"var(--ast-global-color-5)","background-image":"","background-repeat":"repeat","background-position":"center center","background-size":"auto","background-attachment":"scroll","background-type":"","background-media":"","overlay-type":"","overlay-color":"","overlay-opacity":"","overlay-gradient":""},"mobile":{"background-color":"var(--ast-global-color-5)","background-image":"","background-repeat":"repeat","background-position":"center center","background-size":"auto","background-attachment":"scroll","background-type":"","background-media":"","overlay-type":"","overlay-color":"","overlay-opacity":"","overlay-gradient":""}},"footnotes":""},"class_list":["post-397","page","type-page","status-publish","hentry"],"_links":{"self":[{"href":"https:\/\/evellinejewelry.ro\/en\/wp-json\/wp\/v2\/pages\/397","targetHints":{"allow":["GET"]}}],"collection":[{"href":"https:\/\/evellinejewelry.ro\/en\/wp-json\/wp\/v2\/pages"}],"about":[{"href":"https:\/\/evellinejewelry.ro\/en\/wp-json\/wp\/v2\/types\/page"}],"author":[{"embeddable":true,"href":"https:\/\/evellinejewelry.ro\/en\/wp-json\/wp\/v2\/users\/1"}],"replies":[{"embeddable":true,"href":"https:\/\/evellinejewelry.ro\/en\/wp-json\/wp\/v2\/comments?post=397"}],"version-history":[{"count":23,"href":"https:\/\/evellinejewelry.ro\/en\/wp-json\/wp\/v2\/pages\/397\/revisions"}],"predecessor-version":[{"id":2135,"href":"https:\/\/evellinejewelry.ro\/en\/wp-json\/wp\/v2\/pages\/397\/revisions\/2135"}],"wp:attachment":[{"href":"https:\/\/evellinejewelry.ro\/en\/wp-json\/wp\/v2\/media?parent=397"}],"curies":[{"name":"wp","href":"https:\/\/api.w.org\/{rel}","templated":true}]}}