{"id":2251,"date":"2025-11-06T23:48:53","date_gmt":"2025-11-06T23:48:53","guid":{"rendered":"https:\/\/evellinejewelry.ro\/?post_type=product&#038;p=2251"},"modified":"2025-11-07T01:09:08","modified_gmt":"2025-11-07T01:09:08","slug":"bratara-gold-plated-034","status":"publish","type":"product","link":"https:\/\/evellinejewelry.ro\/en\/product\/bratara-gold-plated-034\/","title":{"rendered":"Bratara Gold Plated 034"},"content":{"rendered":"<div>\u00cengrijirea bijuteriilor Gold Plated<\/div>\n<div><\/div>\n<div>\u2022Evit\u0103 contactul cu apa, parfumurile \u0219i substan\u021bele chimice.<\/div>\n<div>\u2022Depoziteaz\u0103-le separat, \u00eentr-o cutie moale sau un s\u0103cule\u021b.<\/div>\n<div>\u2022Cur\u0103\u021b\u0103-le delicat cu o c\u00e2rp\u0103 moale \u0219i uscat\u0103.<\/div>\n<div>\u2022Poart\u0103-le cu grij\u0103, evit\u00e2nd loviturile \u0219i frecarea excesiv\u0103.<\/div>\n<div><\/div>\n<div>Astfel, bijuteriile tale vor r\u0103m\u00e2ne str\u0103lucitoare \u0219i elegante mai mult timp!<\/div>","protected":false},"excerpt":{"rendered":"<div dir=\"auto\">Face parte din noua colec\u021bie &#8211; inedit\u0103 de bijuterii placate cu aur 18K<span class=\"x3nfvp2 x1j61x8r x1fcty0u xdj266r xhhsvwb xat24cr xgzva0m xxymvpz xlup9mm x1kky2od\"><img decoding=\"async\" src=\"https:\/\/static.xx.fbcdn.net\/images\/emoji.php\/v9\/tf4\/1\/16\/2728.png\" alt=\"\u2728\" width=\"16\" height=\"16\" \/><\/span>\u00a0\u0219i perle naturale\u00a0<span class=\"x3nfvp2 x1j61x8r x1fcty0u xdj266r xhhsvwb xat24cr xgzva0m xxymvpz xlup9mm x1kky2od\"><img decoding=\"async\" src=\"https:\/\/static.xx.fbcdn.net\/images\/emoji.php\/v9\/tc5\/1\/16\/1f90d.png\" alt=\"\ud83e\udd0d\" width=\"16\" height=\"16\" \/><\/span> !<\/div>\n<div dir=\"auto\">Colec\u021bia con\u021bine coliere, chokere, inele, bra\u021b\u0103ri \u0219i cercei cu pantative, finisaje, \u0219i elemente placate cu aur, perle naturale, cristale \u0219i sticl\u0103 Cehia\u00a0<span class=\"x3nfvp2 x1j61x8r x1fcty0u xdj266r xhhsvwb xat24cr xgzva0m xxymvpz xlup9mm x1kky2od\"><img decoding=\"async\" src=\"https:\/\/static.xx.fbcdn.net\/images\/emoji.php\/v9\/t9c\/1\/16\/1f41a.png\" alt=\"\ud83d\udc1a\" width=\"16\" height=\"16\" \/>.<\/span><\/div>","protected":false},"featured_media":2253,"comment_status":"open","ping_status":"closed","template":"","meta":{"site-sidebar-layout":"default","site-content-layout":"","ast-site-content-layout":"default","site-content-style":"default","site-sidebar-style":"default","ast-global-header-display":"","ast-banner-title-visibility":"","ast-main-header-display":"","ast-hfb-above-header-display":"","ast-hfb-below-header-display":"","ast-hfb-mobile-header-display":"","site-post-title":"","ast-breadcrumbs-content":"","ast-featured-img":"","footer-sml-layout":"","theme-transparent-header-meta":"default","adv-header-id-meta":"","stick-header-meta":"","header-above-stick-meta":"","header-main-stick-meta":"","header-below-stick-meta":"","astra-migrate-meta-layouts":"set","ast-page-background-enabled":"default","ast-page-background-meta":{"desktop":{"background-color":"","background-image":"","background-repeat":"repeat","background-position":"center center","background-size":"auto","background-attachment":"scroll","background-type":"","background-media":"","overlay-type":"","overlay-color":"","overlay-opacity":"","overlay-gradient":""},"tablet":{"background-color":"","background-image":"","background-repeat":"repeat","background-position":"center center","background-size":"auto","background-attachment":"scroll","background-type":"","background-media":"","overlay-type":"","overlay-color":"","overlay-opacity":"","overlay-gradient":""},"mobile":{"background-color":"","background-image":"","background-repeat":"repeat","background-position":"center center","background-size":"auto","background-attachment":"scroll","background-type":"","background-media":"","overlay-type":"","overlay-color":"","overlay-opacity":"","overlay-gradient":""}},"ast-content-background-meta":{"desktop":{"background-color":"var(--ast-global-color-5)","background-image":"","background-repeat":"repeat","background-position":"center center","background-size":"auto","background-attachment":"scroll","background-type":"","background-media":"","overlay-type":"","overlay-color":"","overlay-opacity":"","overlay-gradient":""},"tablet":{"background-color":"var(--ast-global-color-5)","background-image":"","background-repeat":"repeat","background-position":"center center","background-size":"auto","background-attachment":"scroll","background-type":"","background-media":"","overlay-type":"","overlay-color":"","overlay-opacity":"","overlay-gradient":""},"mobile":{"background-color":"var(--ast-global-color-5)","background-image":"","background-repeat":"repeat","background-position":"center center","background-size":"auto","background-attachment":"scroll","background-type":"","background-media":"","overlay-type":"","overlay-color":"","overlay-opacity":"","overlay-gradient":""}}},"product_brand":[],"product_cat":[16],"product_tag":[],"class_list":{"0":"post-2251","1":"product","2":"type-product","3":"status-publish","4":"has-post-thumbnail","6":"product_cat-bratari","7":"desktop-align-left","8":"tablet-align-left","9":"mobile-align-left","11":"first","12":"instock","13":"shipping-taxable","14":"purchasable","15":"product-type-simple"},"_links":{"self":[{"href":"https:\/\/evellinejewelry.ro\/en\/wp-json\/wp\/v2\/product\/2251","targetHints":{"allow":["GET"]}}],"collection":[{"href":"https:\/\/evellinejewelry.ro\/en\/wp-json\/wp\/v2\/product"}],"about":[{"href":"https:\/\/evellinejewelry.ro\/en\/wp-json\/wp\/v2\/types\/product"}],"replies":[{"embeddable":true,"href":"https:\/\/evellinejewelry.ro\/en\/wp-json\/wp\/v2\/comments?post=2251"}],"wp:featuredmedia":[{"embeddable":true,"href":"https:\/\/evellinejewelry.ro\/en\/wp-json\/wp\/v2\/media\/2253"}],"wp:attachment":[{"href":"https:\/\/evellinejewelry.ro\/en\/wp-json\/wp\/v2\/media?parent=2251"}],"wp:term":[{"taxonomy":"product_brand","embeddable":true,"href":"https:\/\/evellinejewelry.ro\/en\/wp-json\/wp\/v2\/product_brand?post=2251"},{"taxonomy":"product_cat","embeddable":true,"href":"https:\/\/evellinejewelry.ro\/en\/wp-json\/wp\/v2\/product_cat?post=2251"},{"taxonomy":"product_tag","embeddable":true,"href":"https:\/\/evellinejewelry.ro\/en\/wp-json\/wp\/v2\/product_tag?post=2251"}],"curies":[{"name":"wp","href":"https:\/\/api.w.org\/{rel}","templated":true}]}}