{"id":348,"date":"2025-08-29T15:44:10","date_gmt":"2025-08-29T15:44:10","guid":{"rendered":"https:\/\/evellinejewelry.ro\/product\/noorin-gold-ring-watch\/"},"modified":"2025-12-06T11:02:55","modified_gmt":"2025-12-06T11:02:55","slug":"noorin-gold-ring-watch","status":"publish","type":"product","link":"https:\/\/evellinejewelry.ro\/en\/product\/noorin-gold-ring-watch\/","title":{"rendered":"Colier Kylie Olive Pink"},"content":{"rendered":"<p>Colierul este o pies\u0103 statement ce \u00eembin\u0103 armonios delicate\u021bea perlelor cu accente textile \u0219i detalii metalice antichizate. Designul s\u0103u asimetric, cu lan\u021buri fine \u0219i elemente decorative, creeaz\u0103 un efect vizual aparte, plin de feminitate \u0219i originalitate.<\/p>\n<p>Un accesoriu versatil \u0219i sofisticat, perfect pentru a completa at\u00e2t o \u021binut\u0103 de zi, c\u00e2t \u0219i una de sear\u0103.<\/p>\n<p>\u2728 Materiale: perle de cultur\u0103, textile, cristale, elemente metalice antichizate<br \/>\n\u2728 Tehnic\u0103: lucrat manual, fiecare colier este unic<\/p>\n<p>\u00cengrijire &amp; recomand\u0103ri:<\/p>\n<p>\u2714\ufe0f P\u0103stra\u021bi colierul \u00eentr-o cutie sau pungu\u021b\u0103 de stof\u0103, ferit de umezeal\u0103.<br \/>\n\u2714\ufe0f Evita\u021bi contactul cu apa, parfumuri sau spray-uri.<br \/>\n\u2714\ufe0f Nu cur\u0103\u021ba\u021bi cu substan\u021be chimice \u2013 doar \u0219terge\u021bi u\u0219or cu o lavet\u0103 moale, uscat\u0103.<br \/>\n\u2714\ufe0f Nu trage\u021bi de florile textile \u2013 sunt lucrate manual \u0219i pot fi delicate.<\/p>","protected":false},"excerpt":{"rendered":"<p>Colier Kile &#8211; Handmade, 33cm, cu elemente florale si pompons din textil, lucrati manual, cristale din sticla, finisaje din bronz antichizat, hipoalergenic<\/p>","protected":false},"featured_media":1783,"comment_status":"open","ping_status":"closed","template":"","meta":{"site-sidebar-layout":"default","site-content-layout":"default","ast-site-content-layout":"default","site-content-style":"default","site-sidebar-style":"default","ast-global-header-display":"","ast-banner-title-visibility":"","ast-main-header-display":"","ast-hfb-above-header-display":"","ast-hfb-below-header-display":"","ast-hfb-mobile-header-display":"","site-post-title":"","ast-breadcrumbs-content":"","ast-featured-img":"","footer-sml-layout":"","theme-transparent-header-meta":"default","adv-header-id-meta":"","stick-header-meta":"","header-above-stick-meta":"","header-main-stick-meta":"","header-below-stick-meta":"","astra-migrate-meta-layouts":"set","ast-page-background-enabled":"default","ast-page-background-meta":{"desktop":{"background-color":"","background-image":"","background-repeat":"repeat","background-position":"center center","background-size":"auto","background-attachment":"scroll","background-type":"","background-media":"","overlay-type":"","overlay-color":"","overlay-opacity":"","overlay-gradient":""},"tablet":{"background-color":"","background-image":"","background-repeat":"repeat","background-position":"center center","background-size":"auto","background-attachment":"scroll","background-type":"","background-media":"","overlay-type":"","overlay-color":"","overlay-opacity":"","overlay-gradient":""},"mobile":{"background-color":"","background-image":"","background-repeat":"repeat","background-position":"center center","background-size":"auto","background-attachment":"scroll","background-type":"","background-media":"","overlay-type":"","overlay-color":"","overlay-opacity":"","overlay-gradient":""}},"ast-content-background-meta":{"desktop":{"background-color":"var(--ast-global-color-5)","background-image":"","background-repeat":"repeat","background-position":"center center","background-size":"auto","background-attachment":"scroll","background-type":"","background-media":"","overlay-type":"","overlay-color":"","overlay-opacity":"","overlay-gradient":""},"tablet":{"background-color":"var(--ast-global-color-5)","background-image":"","background-repeat":"repeat","background-position":"center center","background-size":"auto","background-attachment":"scroll","background-type":"","background-media":"","overlay-type":"","overlay-color":"","overlay-opacity":"","overlay-gradient":""},"mobile":{"background-color":"var(--ast-global-color-5)","background-image":"","background-repeat":"repeat","background-position":"center center","background-size":"auto","background-attachment":"scroll","background-type":"","background-media":"","overlay-type":"","overlay-color":"","overlay-opacity":"","overlay-gradient":""}}},"product_brand":[],"product_cat":[36],"product_tag":[],"class_list":{"0":"post-348","1":"product","2":"type-product","3":"status-publish","4":"has-post-thumbnail","6":"product_cat-coliere-florale","7":"desktop-align-left","8":"tablet-align-left","9":"mobile-align-left","11":"first","12":"outofstock","13":"shipping-taxable","14":"purchasable","15":"product-type-simple"},"_links":{"self":[{"href":"https:\/\/evellinejewelry.ro\/en\/wp-json\/wp\/v2\/product\/348","targetHints":{"allow":["GET"]}}],"collection":[{"href":"https:\/\/evellinejewelry.ro\/en\/wp-json\/wp\/v2\/product"}],"about":[{"href":"https:\/\/evellinejewelry.ro\/en\/wp-json\/wp\/v2\/types\/product"}],"replies":[{"embeddable":true,"href":"https:\/\/evellinejewelry.ro\/en\/wp-json\/wp\/v2\/comments?post=348"}],"wp:featuredmedia":[{"embeddable":true,"href":"https:\/\/evellinejewelry.ro\/en\/wp-json\/wp\/v2\/media\/1783"}],"wp:attachment":[{"href":"https:\/\/evellinejewelry.ro\/en\/wp-json\/wp\/v2\/media?parent=348"}],"wp:term":[{"taxonomy":"product_brand","embeddable":true,"href":"https:\/\/evellinejewelry.ro\/en\/wp-json\/wp\/v2\/product_brand?post=348"},{"taxonomy":"product_cat","embeddable":true,"href":"https:\/\/evellinejewelry.ro\/en\/wp-json\/wp\/v2\/product_cat?post=348"},{"taxonomy":"product_tag","embeddable":true,"href":"https:\/\/evellinejewelry.ro\/en\/wp-json\/wp\/v2\/product_tag?post=348"}],"curies":[{"name":"wp","href":"https:\/\/api.w.org\/{rel}","templated":true}]}}